{"id":10,"date":"2024-05-03T20:14:00","date_gmt":"2024-05-03T20:14:00","guid":{"rendered":"https:\/\/safe.audentia.cl\/?page_id=10"},"modified":"2025-06-05T15:36:06","modified_gmt":"2025-06-05T18:36:06","slug":"inicio","status":"publish","type":"page","link":"https:\/\/www.llg.cl\/en\/","title":{"rendered":""},"content":{"rendered":"<div data-elementor-type=\"wp-page\" data-elementor-id=\"10\" class=\"elementor elementor-10\">\n\t\t\t\t<div class=\"elementor-element elementor-element-0b20ad2 e-flex e-con-boxed e-con e-parent\" data-id=\"0b20ad2\" data-element_type=\"container\" id=\"nosotros\" data-settings=\"{&quot;background_background&quot;:&quot;classic&quot;}\">\n\t\t\t\t\t<div class=\"e-con-inner\">\n\t\t\t\t<div class=\"elementor-element elementor-element-b0506e5 elementor-widget elementor-widget-spacer\" data-id=\"b0506e5\" data-element_type=\"widget\" data-widget_type=\"spacer.default\">\n\t\t\t\t<div class=\"elementor-widget-container\">\n\t\t\t\t\t\t\t<div class=\"elementor-spacer\">\n\t\t\t<div class=\"elementor-spacer-inner\"><\/div>\n\t\t<\/div>\n\t\t\t\t\t\t<\/div>\n\t\t\t\t<\/div>\n\t\t<div class=\"elementor-element elementor-element-4d556246 animated-slow e-flex e-con-boxed elementor-invisible e-con e-child\" data-id=\"4d556246\" data-element_type=\"container\" data-settings=\"{&quot;animation&quot;:&quot;fadeInDown&quot;}\">\n\t\t\t\t\t<div class=\"e-con-inner\">\n\t\t\t\t<div class=\"elementor-element elementor-element-3c626652 elementor-widget elementor-widget-heading\" data-id=\"3c626652\" data-element_type=\"widget\" data-widget_type=\"heading.default\">\n\t\t\t\t<div class=\"elementor-widget-container\">\n\t\t\t\t\t<h2 class=\"elementor-heading-title elementor-size-default\">Our Firm<\/h2>\t\t\t\t<\/div>\n\t\t\t\t<\/div>\n\t\t\t\t<div class=\"elementor-element elementor-element-1f1989a5 elementor-widget elementor-widget-text-editor\" data-id=\"1f1989a5\" data-element_type=\"widget\" data-widget_type=\"text-editor.default\">\n\t\t\t\t<div class=\"elementor-widget-container\">\n\t\t\t\t\t\t\t\t\t<p>En S\u00e1ez Abogados | Labor Law Group, somos m\u00e1s que un estudio jur\u00eddico especializado; trabajamos para ser un referente en el \u00e1mbito de las relaciones laborales.<\/p><p>Nos distingue el trabajo en equipo, el pluralismo y un enfoque paritario. La \u00e9tica y la excelencia profesional forman parte del ADN de nuestro estudio.<\/p><p>Trabajamos para construir relaciones laborales sostenibles, aportando valor estrat\u00e9gico a nuestros clientes en un mundo empresarial din\u00e1mico y desafiante.<\/p>\t\t\t\t\t\t\t\t<\/div>\n\t\t\t\t<\/div>\n\t\t\t\t<div class=\"elementor-element elementor-element-54897c0 elementor-widget elementor-widget-spacer\" data-id=\"54897c0\" data-element_type=\"widget\" data-widget_type=\"spacer.default\">\n\t\t\t\t<div class=\"elementor-widget-container\">\n\t\t\t\t\t\t\t<div class=\"elementor-spacer\">\n\t\t\t<div class=\"elementor-spacer-inner\"><\/div>\n\t\t<\/div>\n\t\t\t\t\t\t<\/div>\n\t\t\t\t<\/div>\n\t\t\t\t\t<\/div>\n\t\t\t\t<\/div>\n\t\t\t\t\t<\/div>\n\t\t\t\t<\/div>\n\t\t<div class=\"elementor-element elementor-element-d7080fb e-flex e-con-boxed e-con e-parent\" data-id=\"d7080fb\" data-element_type=\"container\" data-settings=\"{&quot;background_background&quot;:&quot;classic&quot;}\">\n\t\t\t\t\t<div class=\"e-con-inner\">\n\t\t\t\t<div class=\"elementor-element elementor-element-63946b4 elementor-widget elementor-widget-spacer\" data-id=\"63946b4\" data-element_type=\"widget\" data-widget_type=\"spacer.default\">\n\t\t\t\t<div class=\"elementor-widget-container\">\n\t\t\t\t\t\t\t<div class=\"elementor-spacer\">\n\t\t\t<div class=\"elementor-spacer-inner\"><\/div>\n\t\t<\/div>\n\t\t\t\t\t\t<\/div>\n\t\t\t\t<\/div>\n\t\t\t\t<div class=\"elementor-element elementor-element-b7f21d2 elementor-widget elementor-widget-heading\" data-id=\"b7f21d2\" data-element_type=\"widget\" data-widget_type=\"heading.default\">\n\t\t\t\t<div class=\"elementor-widget-container\">\n\t\t\t\t\t<h2 class=\"elementor-heading-title elementor-size-default\">Acknowledgments<\/h2>\t\t\t\t<\/div>\n\t\t\t\t<\/div>\n\t\t\t\t\t<\/div>\n\t\t\t\t<\/div>\n\t\t<div class=\"elementor-element elementor-element-04e6419 animated-slow e-flex e-con-boxed e-con e-child\" data-id=\"04e6419\" data-element_type=\"container\" data-settings=\"{&quot;animation&quot;:&quot;none&quot;,&quot;background_background&quot;:&quot;classic&quot;}\">\n\t\t\t\t\t<div class=\"e-con-inner\">\n\t\t\t\t<div class=\"elementor-element elementor-element-ac51e40 animated-slow elementor-invisible elementor-widget elementor-widget-text-editor\" data-id=\"ac51e40\" data-element_type=\"widget\" data-settings=\"{&quot;_animation&quot;:&quot;fadeInDown&quot;}\" data-widget_type=\"text-editor.default\">\n\t\t\t\t<div class=\"elementor-widget-container\">\n\t\t\t\t\t\t\t\t\t<div>S\u00e1ez Abogados | Labor Law Group cuenta con reconocimientos en los principales rankings legales internacionales que investigan exhaustivamente la pr\u00e1ctica del derecho del trabajo en nuestro pa\u00eds. Los resultados est\u00e1n fundados en las opiniones de nuestros clientes y pares, por lo que expresan la calidad de la asesor\u00eda que prestamos y la satisfacci\u00f3n con nuestro servicio personalizado.\u00a0<\/div>\t\t\t\t\t\t\t\t<\/div>\n\t\t\t\t<\/div>\n\t\t\t\t\t<\/div>\n\t\t\t\t<\/div>\n\t\t<div class=\"elementor-element elementor-element-7c02768 animated-slow e-flex e-con-boxed e-con e-child\" data-id=\"7c02768\" data-element_type=\"container\" data-settings=\"{&quot;animation&quot;:&quot;none&quot;,&quot;background_background&quot;:&quot;classic&quot;}\">\n\t\t\t\t\t<div class=\"e-con-inner\">\n\t\t<div class=\"elementor-element elementor-element-0c0cf7d e-con-full e-flex e-con e-child\" data-id=\"0c0cf7d\" data-element_type=\"container\">\n\t\t<div class=\"elementor-element elementor-element-6f2f91f e-con-full animated-fast e-flex elementor-invisible e-con e-child\" data-id=\"6f2f91f\" data-element_type=\"container\" data-settings=\"{&quot;animation&quot;:&quot;fadeInDown&quot;}\">\n\t\t\t\t<div class=\"elementor-element elementor-element-873b51c elementor-widget__width-initial elementor-widget elementor-widget-image\" data-id=\"873b51c\" data-element_type=\"widget\" data-widget_type=\"image.default\">\n\t\t\t\t<div class=\"elementor-widget-container\">\n\t\t\t\t\t\t\t\t\t\t\t\t\t\t\t<img fetchpriority=\"high\" decoding=\"async\" width=\"300\" height=\"197\" src=\"https:\/\/www.llg.cl\/wp-content\/uploads\/2025\/04\/LOGO-CHAMBERS-2025-1-300x197.png\" class=\"attachment-medium size-medium wp-image-954\" alt=\"\" srcset=\"https:\/\/www.llg.cl\/wp-content\/uploads\/2025\/04\/LOGO-CHAMBERS-2025-1-300x197.png 300w, https:\/\/www.llg.cl\/wp-content\/uploads\/2025\/04\/LOGO-CHAMBERS-2025-1-1024x673.png 1024w, https:\/\/www.llg.cl\/wp-content\/uploads\/2025\/04\/LOGO-CHAMBERS-2025-1-768x504.png 768w, https:\/\/www.llg.cl\/wp-content\/uploads\/2025\/04\/LOGO-CHAMBERS-2025-1-1536x1009.png 1536w, https:\/\/www.llg.cl\/wp-content\/uploads\/2025\/04\/LOGO-CHAMBERS-2025-1-18x12.png 18w, https:\/\/www.llg.cl\/wp-content\/uploads\/2025\/04\/LOGO-CHAMBERS-2025-1.png 1600w\" sizes=\"(max-width: 300px) 100vw, 300px\" \/>\t\t\t\t\t\t\t\t\t\t\t\t\t\t\t<\/div>\n\t\t\t\t<\/div>\n\t\t\t\t<\/div>\n\t\t\t\t<\/div>\n\t\t\t\t<div class=\"elementor-element elementor-element-532da77 animated-slow elementor-invisible elementor-widget elementor-widget-text-editor\" data-id=\"532da77\" data-element_type=\"widget\" data-settings=\"{&quot;_animation&quot;:&quot;fadeInDown&quot;}\" data-widget_type=\"text-editor.default\">\n\t\t\t\t<div class=\"elementor-widget-container\">\n\t\t\t\t\t\t\t\t\t<p>El prestigioso ranking brit\u00e1nico Chambers and Partners <strong>ha destacado a nuestra firma en su m\u00e1s reciente edici\u00f3n, posicion\u00e1ndonos entre los l\u00edderes del sector.<\/strong> Adem\u00e1s, <strong>reconoci\u00f3 a nuestro socio Felipe S\u00e1ez como uno de los mejores abogados laboralistas del pa\u00eds, con elogios de clientes que resaltan su experiencia y habilidades en negociaciones colectivas de alta complejidad:<\/strong><\/p><p>\ud83d\udd39 <em>\u201cFelipe S\u00e1ez cuenta con experiencia de primera mano en el sector minero, asesorando a clientes en negociaciones colectivas y litigios laborales, incluyendo pr\u00e1cticas antisindicales y reclamaciones por despido injustificado.\u201d<\/em><\/p><p><em>\ud83d\udd39 \u201cFelipe S\u00e1ez es altamente capaz de realizar an\u00e1lisis estrat\u00e9gicos, visualizando y anticipando posibles situaciones complejas, y tomando medidas proactivas para afrontarlas.\u201d<\/em><\/p>\t\t\t\t\t\t\t\t<\/div>\n\t\t\t\t<\/div>\n\t\t\t\t\t<\/div>\n\t\t\t\t<\/div>\n\t\t<div class=\"elementor-element elementor-element-9eeaa91 animated-slow e-flex e-con-boxed e-con e-child\" data-id=\"9eeaa91\" data-element_type=\"container\" data-settings=\"{&quot;animation&quot;:&quot;none&quot;,&quot;background_background&quot;:&quot;classic&quot;}\">\n\t\t\t\t\t<div class=\"e-con-inner\">\n\t\t<div class=\"elementor-element elementor-element-a2768cb e-con-full e-flex e-con e-child\" data-id=\"a2768cb\" data-element_type=\"container\">\n\t\t<div class=\"elementor-element elementor-element-3b51392 e-con-full animated-slow e-flex elementor-invisible e-con e-child\" data-id=\"3b51392\" data-element_type=\"container\" data-settings=\"{&quot;animation&quot;:&quot;fadeInDown&quot;}\">\n\t\t\t\t<div class=\"elementor-element elementor-element-3f351d4 elementor-widget elementor-widget-image\" data-id=\"3f351d4\" data-element_type=\"widget\" data-widget_type=\"image.default\">\n\t\t\t\t<div class=\"elementor-widget-container\">\n\t\t\t\t\t\t\t\t\t\t\t\t\t\t\t<img decoding=\"async\" width=\"290\" height=\"300\" src=\"https:\/\/www.llg.cl\/wp-content\/uploads\/2024\/05\/the-legal-500-logo-B42FA825A5-seeklogo.com_.png\" class=\"attachment-medium size-medium wp-image-238\" alt=\"\" \/>\t\t\t\t\t\t\t\t\t\t\t\t\t\t\t<\/div>\n\t\t\t\t<\/div>\n\t\t\t\t<div class=\"elementor-element elementor-element-8f21671 animated-slow elementor-invisible elementor-widget elementor-widget-text-editor\" data-id=\"8f21671\" data-element_type=\"widget\" data-settings=\"{&quot;_animation&quot;:&quot;fadeInDown&quot;}\" data-widget_type=\"text-editor.default\">\n\t\t\t\t<div class=\"elementor-widget-container\">\n\t\t\t\t\t\t\t\t\t<p>Durante los \u00faltimos cuatro a\u00f1os, el directorio brit\u00e1nico Legal 500 <strong>ha posicionado a S\u00e1ez Abogados | Labor Law Group entre las firmas l\u00edderes del pa\u00eds en Labor &amp; Employment<\/strong>. En su edici\u00f3n 2025, nuestra firma logr\u00f3 una destacada clasificaci\u00f3n, y <strong>nuestro socio Felipe S\u00e1ez fue nuevamente reconocido en la categor\u00eda &#8220;Leading Partner&#8221;<\/strong>, reafirmando su trayectoria y excelencia en la pr\u00e1ctica laboral.<\/p>\t\t\t\t\t\t\t\t<\/div>\n\t\t\t\t<\/div>\n\t\t\t\t<\/div>\n\t\t\t\t<\/div>\n\t\t\t\t\t<\/div>\n\t\t\t\t<\/div>\n\t\t<div class=\"elementor-element elementor-element-bc46e23 animated-slow e-flex e-con-boxed e-con e-child\" data-id=\"bc46e23\" data-element_type=\"container\" data-settings=\"{&quot;animation&quot;:&quot;none&quot;,&quot;background_background&quot;:&quot;classic&quot;}\">\n\t\t\t\t\t<div class=\"e-con-inner\">\n\t\t<div class=\"elementor-element elementor-element-365ba23 e-con-full e-flex e-con e-child\" data-id=\"365ba23\" data-element_type=\"container\">\n\t\t<div class=\"elementor-element elementor-element-be2379e e-con-full e-flex elementor-invisible e-con e-child\" data-id=\"be2379e\" data-element_type=\"container\" data-settings=\"{&quot;animation&quot;:&quot;fadeInDown&quot;}\">\n\t\t\t\t<div class=\"elementor-element elementor-element-98ab6a2 elementor-widget elementor-widget-image\" data-id=\"98ab6a2\" data-element_type=\"widget\" data-widget_type=\"image.default\">\n\t\t\t\t<div class=\"elementor-widget-container\">\n\t\t\t\t\t\t\t\t\t\t\t\t\t\t\t<img decoding=\"async\" width=\"300\" height=\"300\" src=\"https:\/\/www.llg.cl\/wp-content\/uploads\/2025\/04\/Logo-Leaders-league-2025-300x300.png\" class=\"attachment-medium size-medium wp-image-952\" alt=\"\" srcset=\"https:\/\/www.llg.cl\/wp-content\/uploads\/2025\/04\/Logo-Leaders-league-2025-300x300.png 300w, https:\/\/www.llg.cl\/wp-content\/uploads\/2025\/04\/Logo-Leaders-league-2025-1024x1024.png 1024w, https:\/\/www.llg.cl\/wp-content\/uploads\/2025\/04\/Logo-Leaders-league-2025-150x150.png 150w, https:\/\/www.llg.cl\/wp-content\/uploads\/2025\/04\/Logo-Leaders-league-2025-768x768.png 768w, https:\/\/www.llg.cl\/wp-content\/uploads\/2025\/04\/Logo-Leaders-league-2025-1536x1536.png 1536w, https:\/\/www.llg.cl\/wp-content\/uploads\/2025\/04\/Logo-Leaders-league-2025-12x12.png 12w, https:\/\/www.llg.cl\/wp-content\/uploads\/2025\/04\/Logo-Leaders-league-2025.png 2000w\" sizes=\"(max-width: 300px) 100vw, 300px\" \/>\t\t\t\t\t\t\t\t\t\t\t\t\t\t\t<\/div>\n\t\t\t\t<\/div>\n\t\t\t\t<div class=\"elementor-element elementor-element-20f5a0f animated-slow elementor-invisible elementor-widget elementor-widget-text-editor\" data-id=\"20f5a0f\" data-element_type=\"widget\" data-settings=\"{&quot;_animation&quot;:&quot;fadeInDown&quot;}\" data-widget_type=\"text-editor.default\">\n\t\t\t\t<div class=\"elementor-widget-container\">\n\t\t\t\t\t\t\t\t\t<p>El ranking franc\u00e9s Leaders League ha reconocido constantemente la excelencia de nuestro equipo. En su \u00faltima edici\u00f3n, <strong>destac\u00f3 a nuestra firma con la categor\u00eda &#8220;Excelente&#8221;, <\/strong>consolidando nuestro posicionamiento en el mercado local.<\/p>\t\t\t\t\t\t\t\t<\/div>\n\t\t\t\t<\/div>\n\t\t\t\t<\/div>\n\t\t\t\t<\/div>\n\t\t\t\t\t<\/div>\n\t\t\t\t<\/div>\n\t\t<div class=\"elementor-element elementor-element-ec7433c animated-slow e-flex e-con-boxed e-con e-child\" data-id=\"ec7433c\" data-element_type=\"container\" data-settings=\"{&quot;animation&quot;:&quot;none&quot;,&quot;background_background&quot;:&quot;classic&quot;}\">\n\t\t\t\t\t<div class=\"e-con-inner\">\n\t\t\t\t<div class=\"elementor-element elementor-element-27a40bd elementor-widget elementor-widget-spacer\" data-id=\"27a40bd\" data-element_type=\"widget\" data-widget_type=\"spacer.default\">\n\t\t\t\t<div class=\"elementor-widget-container\">\n\t\t\t\t\t\t\t<div class=\"elementor-spacer\">\n\t\t\t<div class=\"elementor-spacer-inner\"><\/div>\n\t\t<\/div>\n\t\t\t\t\t\t<\/div>\n\t\t\t\t<\/div>\n\t\t\t\t\t<\/div>\n\t\t\t\t<\/div>\n\t\t<div class=\"elementor-element elementor-element-3191ad8 e-flex e-con-boxed e-con e-parent\" data-id=\"3191ad8\" data-element_type=\"container\" id=\"contacto\" data-settings=\"{&quot;background_background&quot;:&quot;classic&quot;}\">\n\t\t\t\t\t<div class=\"e-con-inner\">\n\t\t<div class=\"elementor-element elementor-element-2c8d901 e-con-full e-flex e-con e-child\" data-id=\"2c8d901\" data-element_type=\"container\">\n\t\t\t\t<div class=\"elementor-element elementor-element-503df57 elementor-widget elementor-widget-spacer\" data-id=\"503df57\" data-element_type=\"widget\" data-widget_type=\"spacer.default\">\n\t\t\t\t<div class=\"elementor-widget-container\">\n\t\t\t\t\t\t\t<div class=\"elementor-spacer\">\n\t\t\t<div class=\"elementor-spacer-inner\"><\/div>\n\t\t<\/div>\n\t\t\t\t\t\t<\/div>\n\t\t\t\t<\/div>\n\t\t<div class=\"elementor-element elementor-element-e2090a7 e-con-full e-flex e-con e-child\" data-id=\"e2090a7\" data-element_type=\"container\">\n\t\t\t\t<div class=\"elementor-element elementor-element-7f9b3cc elementor-view-default elementor-widget elementor-widget-icon\" data-id=\"7f9b3cc\" data-element_type=\"widget\" data-widget_type=\"icon.default\">\n\t\t\t\t<div class=\"elementor-widget-container\">\n\t\t\t\t\t\t\t<div class=\"elementor-icon-wrapper\">\n\t\t\t<div class=\"elementor-icon\">\n\t\t\t<svg aria-hidden=\"true\" class=\"e-font-icon-svg e-fas-map-marker-alt\" viewbox=\"0 0 384 512\" xmlns=\"http:\/\/www.w3.org\/2000\/svg\"><path d=\"M172.268 501.67C26.97 291.031 0 269.413 0 192 0 85.961 85.961 0 192 0s192 85.961 192 192c0 77.413-26.97 99.031-172.268 309.67-9.535 13.774-29.93 13.773-39.464 0zM192 272c44.183 0 80-35.817 80-80s-35.817-80-80-80-80 35.817-80 80 35.817 80 80 80z\"><\/path><\/svg>\t\t\t<\/div>\n\t\t<\/div>\n\t\t\t\t\t\t<\/div>\n\t\t\t\t<\/div>\n\t\t\t\t<div class=\"elementor-element elementor-element-b7c42e5 elementor-widget elementor-widget-heading\" data-id=\"b7c42e5\" data-element_type=\"widget\" data-widget_type=\"heading.default\">\n\t\t\t\t<div class=\"elementor-widget-container\">\n\t\t\t\t\t<h2 class=\"elementor-heading-title elementor-size-default\">DIRECCI\u00d3N\n<br>Avenida Vitacura 2969, oficina 1201,\nLas Condes, Santiago, Chile<\/h2>\t\t\t\t<\/div>\n\t\t\t\t<\/div>\n\t\t\t\t<\/div>\n\t\t<div class=\"elementor-element elementor-element-6041120 e-con-full e-flex e-con e-child\" data-id=\"6041120\" data-element_type=\"container\">\n\t\t\t\t<div class=\"elementor-element elementor-element-43c9b1a elementor-view-default elementor-widget elementor-widget-icon\" data-id=\"43c9b1a\" data-element_type=\"widget\" data-widget_type=\"icon.default\">\n\t\t\t\t<div class=\"elementor-widget-container\">\n\t\t\t\t\t\t\t<div class=\"elementor-icon-wrapper\">\n\t\t\t<div class=\"elementor-icon\">\n\t\t\t<svg aria-hidden=\"true\" class=\"e-font-icon-svg e-fas-phone-alt\" viewbox=\"0 0 512 512\" xmlns=\"http:\/\/www.w3.org\/2000\/svg\"><path d=\"M497.39 361.8l-112-48a24 24 0 0 0-28 6.9l-49.6 60.6A370.66 370.66 0 0 1 130.6 204.11l60.6-49.6a23.94 23.94 0 0 0 6.9-28l-48-112A24.16 24.16 0 0 0 122.6.61l-104 24A24 24 0 0 0 0 48c0 256.5 207.9 464 464 464a24 24 0 0 0 23.4-18.6l24-104a24.29 24.29 0 0 0-14.01-27.6z\"><\/path><\/svg>\t\t\t<\/div>\n\t\t<\/div>\n\t\t\t\t\t\t<\/div>\n\t\t\t\t<\/div>\n\t\t\t\t<div class=\"elementor-element elementor-element-d017b9e elementor-widget elementor-widget-heading\" data-id=\"d017b9e\" data-element_type=\"widget\" data-widget_type=\"heading.default\">\n\t\t\t\t<div class=\"elementor-widget-container\">\n\t\t\t\t\t<h2 class=\"elementor-heading-title elementor-size-default\">TEL\u00c9FONO\n<br>+562 326 39540<\/h2>\t\t\t\t<\/div>\n\t\t\t\t<\/div>\n\t\t\t\t<\/div>\n\t\t<div class=\"elementor-element elementor-element-9185e68 e-con-full e-flex e-con e-child\" data-id=\"9185e68\" data-element_type=\"container\">\n\t\t\t\t<div class=\"elementor-element elementor-element-b26e9fe elementor-view-default elementor-widget elementor-widget-icon\" data-id=\"b26e9fe\" data-element_type=\"widget\" data-widget_type=\"icon.default\">\n\t\t\t\t<div class=\"elementor-widget-container\">\n\t\t\t\t\t\t\t<div class=\"elementor-icon-wrapper\">\n\t\t\t<div class=\"elementor-icon\">\n\t\t\t<svg aria-hidden=\"true\" class=\"e-font-icon-svg e-fas-envelope\" viewbox=\"0 0 512 512\" xmlns=\"http:\/\/www.w3.org\/2000\/svg\"><path d=\"M502.3 190.8c3.9-3.1 9.7-.2 9.7 4.7V400c0 26.5-21.5 48-48 48H48c-26.5 0-48-21.5-48-48V195.6c0-5 5.7-7.8 9.7-4.7 22.4 17.4 52.1 39.5 154.1 113.6 21.1 15.4 56.7 47.8 92.2 47.6 35.7.3 72-32.8 92.3-47.6 102-74.1 131.6-96.3 154-113.7zM256 320c23.2.4 56.6-29.2 73.4-41.4 132.7-96.3 142.8-104.7 173.4-128.7 5.8-4.5 9.2-11.5 9.2-18.9v-19c0-26.5-21.5-48-48-48H48C21.5 64 0 85.5 0 112v19c0 7.4 3.4 14.3 9.2 18.9 30.6 23.9 40.7 32.4 173.4 128.7 16.8 12.2 50.2 41.8 73.4 41.4z\"><\/path><\/svg>\t\t\t<\/div>\n\t\t<\/div>\n\t\t\t\t\t\t<\/div>\n\t\t\t\t<\/div>\n\t\t\t\t<div class=\"elementor-element elementor-element-114e306 elementor-widget elementor-widget-heading\" data-id=\"114e306\" data-element_type=\"widget\" data-widget_type=\"heading.default\">\n\t\t\t\t<div class=\"elementor-widget-container\">\n\t\t\t\t\t<h2 class=\"elementor-heading-title elementor-size-default\">E-MAIL\n<br>contacto@llg.cl<\/h2>\t\t\t\t<\/div>\n\t\t\t\t<\/div>\n\t\t\t\t<\/div>\n\t\t\t\t<\/div>\n\t\t<div class=\"elementor-element elementor-element-777d33b e-con-full e-flex e-con e-child\" data-id=\"777d33b\" data-element_type=\"container\">\n\t\t\t\t<div class=\"elementor-element elementor-element-21fe74d elementor-widget__width-initial elementor-widget elementor-widget-wpforms\" data-id=\"21fe74d\" data-element_type=\"widget\" data-widget_type=\"wpforms.default\">\n\t\t\t\t<div class=\"elementor-widget-container\">\n\t\t\t\t\t<style id=\"wpforms-css-vars-elementor-widget-21fe74d\">\n\t\t\t\t.elementor-widget-wpforms.elementor-element-21fe74d {\n\t\t\t\t--wpforms-field-text-color: #3A3A3A69;\n--wpforms-label-color: #FFFFFFD9;\n--wpforms-button-background-color: #65869B;\n\n\t\t\t}\n\t\t\t<\/style><div class=\"wpforms-container wpforms-container-full wpforms-render-modern\" id=\"wpforms-139\"><form id=\"wpforms-form-139\" class=\"wpforms-validate wpforms-form wpforms-ajax-form\" data-formid=\"139\" method=\"post\" enctype=\"multipart\/form-data\" action=\"\/en\/wp-json\/wp\/v2\/pages\/10\" data-token=\"604dd1a193be00c65fbb9998b96e0504\" data-token-time=\"1778148621\" data-trp-original-action=\"\/en\/wp-json\/wp\/v2\/pages\/10\"><noscript class=\"wpforms-error-noscript\">Please enable JavaScript in your browser to complete this form.<\/noscript><div class=\"wpforms-hidden\" id=\"wpforms-error-noscript\">Please enable JavaScript in your browser to complete this form.<\/div><div class=\"wpforms-field-container\"><div id=\"wpforms-139-field_0-container\" class=\"wpforms-field wpforms-field-name\" data-field-id=\"0\"><label class=\"wpforms-field-label\" for=\"wpforms-139-field_0\">Name <span class=\"wpforms-required-label\" aria-hidden=\"true\">*<\/span><\/label><input type=\"text\" id=\"wpforms-139-field_0\" class=\"wpforms-field-medium wpforms-field-required\" name=\"wpforms[fields][0]\" aria-errormessage=\"wpforms-139-field_0-error\" required><\/div><div id=\"wpforms-139-field_3-container\" class=\"wpforms-field wpforms-field-text\" data-field-id=\"3\"><label class=\"wpforms-field-label\" for=\"wpforms-139-field_3\">Asunto<\/label><input type=\"text\" id=\"wpforms-139-field_3\" class=\"wpforms-field-medium\" name=\"wpforms[fields][3]\" aria-errormessage=\"wpforms-139-field_3-error\" ><\/div><div id=\"wpforms-139-field_1-container\" class=\"wpforms-field wpforms-field-email\" data-field-id=\"1\"><label class=\"wpforms-field-label\" for=\"wpforms-139-field_1\">E-mail <span class=\"wpforms-required-label\" aria-hidden=\"true\">*<\/span><\/label><input type=\"email\" id=\"wpforms-139-field_1\" class=\"wpforms-field-medium wpforms-field-required\" name=\"wpforms[fields][1]\" spellcheck=\"false\" aria-errormessage=\"wpforms-139-field_1-error\" required><\/div><div id=\"wpforms-139-field_2-container\" class=\"wpforms-field wpforms-field-textarea\" data-field-id=\"2\"><label class=\"wpforms-field-label\" for=\"wpforms-139-field_2\">ENVIAR MENSAJE<\/label><textarea id=\"wpforms-139-field_2\" class=\"wpforms-field-medium\" name=\"wpforms[fields][2]\" aria-errormessage=\"wpforms-139-field_2-error\" ><\/textarea><\/div><\/div><!-- .wpforms-field-container --><div class=\"wpforms-submit-container\" ><input type=\"hidden\" name=\"wpforms[id]\" value=\"139\"><input type=\"hidden\" name=\"page_title\" value=\"\"><input type=\"hidden\" name=\"page_url\" value=\"https:\/\/www.llg.cl\/en\/wp-json\/wp\/v2\/pages\/10\"><input type=\"hidden\" name=\"url_referer\" value=\"\"><button type=\"submit\" name=\"wpforms[submit]\" id=\"wpforms-submit-139\" class=\"wpforms-submit\" data-alt-text=\"Enviando...\" data-submit-text=\"Enviar\" aria-live=\"assertive\" value=\"wpforms-submit\">Send<\/button><img loading=\"lazy\" decoding=\"async\" src=\"https:\/\/www.llg.cl\/wp-content\/plugins\/wpforms-lite\/assets\/images\/submit-spin.svg\" class=\"wpforms-submit-spinner\" style=\"display: none;\" width=\"26\" height=\"26\" alt=\"Loading\"><\/div><input type=\"hidden\" name=\"trp-form-language\" value=\"en\"\/><\/form><\/div>  <!-- .wpforms-container -->\t\t\t\t<\/div>\n\t\t\t\t<\/div>\n\t\t\t\t<\/div>\n\t\t\t\t\t<\/div>\n\t\t\t\t<\/div>\n\t\t\t\t<\/div>","protected":false},"excerpt":{"rendered":"<p>Nosotros En S\u00e1ez Abogados | Labor Law Group, somos m\u00e1s que un estudio jur\u00eddico especializado; trabajamos para ser un referente en el \u00e1mbito de las relaciones laborales. Nos distingue el trabajo en equipo, el pluralismo y un enfoque paritario. La \u00e9tica y la excelencia profesional&hellip;<\/p>","protected":false},"author":1,"featured_media":0,"parent":0,"menu_order":0,"comment_status":"closed","ping_status":"closed","template":"","meta":{"footnotes":""},"class_list":["post-10","page","type-page","status-publish","hentry"],"_links":{"self":[{"href":"https:\/\/www.llg.cl\/en\/wp-json\/wp\/v2\/pages\/10","targetHints":{"allow":["GET"]}}],"collection":[{"href":"https:\/\/www.llg.cl\/en\/wp-json\/wp\/v2\/pages"}],"about":[{"href":"https:\/\/www.llg.cl\/en\/wp-json\/wp\/v2\/types\/page"}],"author":[{"embeddable":true,"href":"https:\/\/www.llg.cl\/en\/wp-json\/wp\/v2\/users\/1"}],"replies":[{"embeddable":true,"href":"https:\/\/www.llg.cl\/en\/wp-json\/wp\/v2\/comments?post=10"}],"version-history":[{"count":10,"href":"https:\/\/www.llg.cl\/en\/wp-json\/wp\/v2\/pages\/10\/revisions"}],"predecessor-version":[{"id":973,"href":"https:\/\/www.llg.cl\/en\/wp-json\/wp\/v2\/pages\/10\/revisions\/973"}],"wp:attachment":[{"href":"https:\/\/www.llg.cl\/en\/wp-json\/wp\/v2\/media?parent=10"}],"curies":[{"name":"wp","href":"https:\/\/api.w.org\/{rel}","templated":true}]}}