{"id":260,"date":"2024-05-13T19:43:31","date_gmt":"2024-05-13T19:43:31","guid":{"rendered":"https:\/\/safe.audentia.cl\/?page_id=260"},"modified":"2025-06-05T15:36:58","modified_gmt":"2025-06-05T18:36:58","slug":"publicaciones","status":"publish","type":"page","link":"https:\/\/www.llg.cl\/en\/publicaciones\/","title":{"rendered":""},"content":{"rendered":"<div data-elementor-type=\"wp-page\" data-elementor-id=\"260\" class=\"elementor elementor-260\">\n\t\t\t\t<div class=\"elementor-element elementor-element-b47e973 e-con-full e-flex e-con e-parent\" data-id=\"b47e973\" data-element_type=\"container\" data-settings=\"{&quot;background_background&quot;:&quot;gradient&quot;}\">\n\t\t<div class=\"elementor-element elementor-element-0582cfb e-con-full e-flex e-con e-child\" data-id=\"0582cfb\" data-element_type=\"container\" data-settings=\"{&quot;background_background&quot;:&quot;classic&quot;}\">\n\t\t\t\t<div class=\"elementor-element elementor-element-d314d8c elementor-widget elementor-widget-heading\" data-id=\"d314d8c\" data-element_type=\"widget\" data-widget_type=\"heading.default\">\n\t\t\t\t<div class=\"elementor-widget-container\">\n\t\t\t\t\t<h2 class=\"elementor-heading-title elementor-size-default\">Posts<\/h2>\t\t\t\t<\/div>\n\t\t\t\t<\/div>\n\t\t\t\t<\/div>\n\t\t\t\t<\/div>\n\t\t<div class=\"elementor-element elementor-element-127ea5d animated-slow e-flex e-con-boxed e-con e-parent\" data-id=\"127ea5d\" data-element_type=\"container\" data-settings=\"{&quot;background_background&quot;:&quot;classic&quot;,&quot;animation&quot;:&quot;none&quot;}\">\n\t\t\t\t\t<div class=\"e-con-inner\">\n\t\t\t\t<div class=\"elementor-element elementor-element-b684a73 elementor-widget elementor-widget-spacer\" data-id=\"b684a73\" data-element_type=\"widget\" data-widget_type=\"spacer.default\">\n\t\t\t\t<div class=\"elementor-widget-container\">\n\t\t\t\t\t\t\t<div class=\"elementor-spacer\">\n\t\t\t<div class=\"elementor-spacer-inner\"><\/div>\n\t\t<\/div>\n\t\t\t\t\t\t<\/div>\n\t\t\t\t<\/div>\n\t\t<div class=\"elementor-element elementor-element-4aa44a8 animated-slow e-con-full e-flex elementor-invisible e-con e-child\" data-id=\"4aa44a8\" data-element_type=\"container\" data-settings=\"{&quot;background_background&quot;:&quot;classic&quot;,&quot;animation&quot;:&quot;fadeInDown&quot;}\">\n\t\t<div class=\"elementor-element elementor-element-dd2a522 e-con-full e-flex e-con e-child\" data-id=\"dd2a522\" data-element_type=\"container\">\n\t\t<div class=\"elementor-element elementor-element-0a4bcd3 e-flex e-con-boxed e-con e-child\" data-id=\"0a4bcd3\" data-element_type=\"container\">\n\t\t\t\t\t<div class=\"e-con-inner\">\n\t\t\t\t<div class=\"elementor-element elementor-element-74a0614 elementor-widget elementor-widget-spacer\" data-id=\"74a0614\" data-element_type=\"widget\" data-widget_type=\"spacer.default\">\n\t\t\t\t<div class=\"elementor-widget-container\">\n\t\t\t\t\t\t\t<div class=\"elementor-spacer\">\n\t\t\t<div class=\"elementor-spacer-inner\"><\/div>\n\t\t<\/div>\n\t\t\t\t\t\t<\/div>\n\t\t\t\t<\/div>\n\t\t\t\t<div class=\"elementor-element elementor-element-bf78d18 elementor-widget elementor-widget-heading\" data-id=\"bf78d18\" data-element_type=\"widget\" data-widget_type=\"heading.default\">\n\t\t\t\t<div class=\"elementor-widget-container\">\n\t\t\t\t\t<h2 class=\"elementor-heading-title elementor-size-default\">El DIario Financiero<\/h2>\t\t\t\t<\/div>\n\t\t\t\t<\/div>\n\t\t\t\t<div class=\"elementor-element elementor-element-0f15598 elementor-widget elementor-widget-heading\" data-id=\"0f15598\" data-element_type=\"widget\" data-widget_type=\"heading.default\">\n\t\t\t\t<div class=\"elementor-widget-container\">\n\t\t\t\t\t<h2 class=\"elementor-heading-title elementor-size-default\">Equidad salarial: abogados alertan compleja aplicaci\u00f3n de nuevos lineamientos de proyecto de ley<\/h2>\t\t\t\t<\/div>\n\t\t\t\t<\/div>\n\t\t\t\t<div class=\"elementor-element elementor-element-c9843af elementor-widget elementor-widget-heading\" data-id=\"c9843af\" data-element_type=\"widget\" data-widget_type=\"heading.default\">\n\t\t\t\t<div class=\"elementor-widget-container\">\n\t\t\t\t\t<h2 class=\"elementor-heading-title elementor-size-default\">9\/11\/24<\/h2>\t\t\t\t<\/div>\n\t\t\t\t<\/div>\n\t\t\t\t\t<\/div>\n\t\t\t\t<\/div>\n\t\t<div class=\"elementor-element elementor-element-5da4213 e-flex e-con-boxed e-con e-child\" data-id=\"5da4213\" data-element_type=\"container\">\n\t\t\t\t\t<div class=\"e-con-inner\">\n\t\t\t\t<div class=\"elementor-element elementor-element-c4756ea elementor-widget-divider--view-line elementor-widget elementor-widget-divider\" data-id=\"c4756ea\" data-element_type=\"widget\" data-widget_type=\"divider.default\">\n\t\t\t\t<div class=\"elementor-widget-container\">\n\t\t\t\t\t\t\t<div class=\"elementor-divider\">\n\t\t\t<span class=\"elementor-divider-separator\">\n\t\t\t\t\t\t<\/span>\n\t\t<\/div>\n\t\t\t\t\t\t<\/div>\n\t\t\t\t<\/div>\n\t\t\t\t<div class=\"elementor-element elementor-element-15a5231 elementor-widget elementor-widget-text-editor\" data-id=\"15a5231\" data-element_type=\"widget\" data-widget_type=\"text-editor.default\">\n\t\t\t\t<div class=\"elementor-widget-container\">\n\t\t\t\t\t\t\t\t\t<p>Por Carolina Le\u00f3n<\/p>\t\t\t\t\t\t\t\t<\/div>\n\t\t\t\t<\/div>\n\t\t\t\t<div class=\"elementor-element elementor-element-770a8b4 elementor-widget elementor-widget-button\" data-id=\"770a8b4\" data-element_type=\"widget\" data-widget_type=\"button.default\">\n\t\t\t\t<div class=\"elementor-widget-container\">\n\t\t\t\t\t\t\t\t\t<div class=\"elementor-button-wrapper\">\n\t\t\t\t\t<a class=\"elementor-button elementor-button-link elementor-size-sm\" href=\"https:\/\/portal.nexnews.cl\/showN?valor=24d0l3\">\n\t\t\t\t\t\t<span class=\"elementor-button-content-wrapper\">\n\t\t\t\t\t\t\t\t\t<span class=\"elementor-button-text\">Leer m\u00e1s<\/span>\n\t\t\t\t\t<\/span>\n\t\t\t\t\t<\/a>\n\t\t\t\t<\/div>\n\t\t\t\t\t\t\t\t<\/div>\n\t\t\t\t<\/div>\n\t\t\t\t\t<\/div>\n\t\t\t\t<\/div>\n\t\t\t\t<\/div>\n\t\t<div class=\"elementor-element elementor-element-942741e e-con-full e-flex e-con e-child\" data-id=\"942741e\" data-element_type=\"container\">\n\t\t\t\t<div class=\"elementor-element elementor-element-6f35611 elementor-widget elementor-widget-image\" data-id=\"6f35611\" data-element_type=\"widget\" data-widget_type=\"image.default\">\n\t\t\t\t<div class=\"elementor-widget-container\">\n\t\t\t\t\t\t\t\t\t\t\t\t\t\t\t<img fetchpriority=\"high\" decoding=\"async\" width=\"1934\" height=\"2560\" src=\"https:\/\/www.llg.cl\/wp-content\/uploads\/2025\/03\/view-1-scaled.jpeg\" class=\"attachment-full size-full wp-image-914\" alt=\"\" srcset=\"https:\/\/www.llg.cl\/wp-content\/uploads\/2025\/03\/view-1-scaled.jpeg 1934w, https:\/\/www.llg.cl\/wp-content\/uploads\/2025\/03\/view-1-227x300.jpeg 227w, https:\/\/www.llg.cl\/wp-content\/uploads\/2025\/03\/view-1-774x1024.jpeg 774w, https:\/\/www.llg.cl\/wp-content\/uploads\/2025\/03\/view-1-768x1017.jpeg 768w, https:\/\/www.llg.cl\/wp-content\/uploads\/2025\/03\/view-1-1160x1536.jpeg 1160w, https:\/\/www.llg.cl\/wp-content\/uploads\/2025\/03\/view-1-1547x2048.jpeg 1547w, https:\/\/www.llg.cl\/wp-content\/uploads\/2025\/03\/view-1-9x12.jpeg 9w\" sizes=\"(max-width: 1934px) 100vw, 1934px\" \/>\t\t\t\t\t\t\t\t\t\t\t\t\t\t\t<\/div>\n\t\t\t\t<\/div>\n\t\t\t\t<\/div>\n\t\t\t\t<\/div>\n\t\t<div class=\"elementor-element elementor-element-2d911c27 animated-slow e-flex e-con-boxed elementor-invisible e-con e-child\" data-id=\"2d911c27\" data-element_type=\"container\" data-settings=\"{&quot;background_background&quot;:&quot;classic&quot;,&quot;animation&quot;:&quot;fadeInDown&quot;}\">\n\t\t\t\t\t<div class=\"e-con-inner\">\n\t\t<div class=\"elementor-element elementor-element-3a1fd80 e-con-full e-flex e-con e-child\" data-id=\"3a1fd80\" data-element_type=\"container\">\n\t\t<div class=\"elementor-element elementor-element-5bc40171 e-flex e-con-boxed e-con e-child\" data-id=\"5bc40171\" data-element_type=\"container\">\n\t\t\t\t\t<div class=\"e-con-inner\">\n\t\t\t\t<div class=\"elementor-element elementor-element-2700f912 elementor-widget elementor-widget-spacer\" data-id=\"2700f912\" data-element_type=\"widget\" data-widget_type=\"spacer.default\">\n\t\t\t\t<div class=\"elementor-widget-container\">\n\t\t\t\t\t\t\t<div class=\"elementor-spacer\">\n\t\t\t<div class=\"elementor-spacer-inner\"><\/div>\n\t\t<\/div>\n\t\t\t\t\t\t<\/div>\n\t\t\t\t<\/div>\n\t\t\t\t<div class=\"elementor-element elementor-element-58dd18fc elementor-widget elementor-widget-heading\" data-id=\"58dd18fc\" data-element_type=\"widget\" data-widget_type=\"heading.default\">\n\t\t\t\t<div class=\"elementor-widget-container\">\n\t\t\t\t\t<h2 class=\"elementor-heading-title elementor-size-default\">El Diario Financiero<\/h2>\t\t\t\t<\/div>\n\t\t\t\t<\/div>\n\t\t\t\t<div class=\"elementor-element elementor-element-c96b7ac elementor-widget elementor-widget-heading\" data-id=\"c96b7ac\" data-element_type=\"widget\" data-widget_type=\"heading.default\">\n\t\t\t\t<div class=\"elementor-widget-container\">\n\t\t\t\t\t<h2 class=\"elementor-heading-title elementor-size-default\">Abogado de BHP en causa de acoso en actividad no laboral: \"La corte fall\u00f3 con perspectiva de g\u00e9nero\"<\/h2>\t\t\t\t<\/div>\n\t\t\t\t<\/div>\n\t\t\t\t<div class=\"elementor-element elementor-element-3dc701fe elementor-widget elementor-widget-heading\" data-id=\"3dc701fe\" data-element_type=\"widget\" data-widget_type=\"heading.default\">\n\t\t\t\t<div class=\"elementor-widget-container\">\n\t\t\t\t\t<h2 class=\"elementor-heading-title elementor-size-default\">28\/11\/24<\/h2>\t\t\t\t<\/div>\n\t\t\t\t<\/div>\n\t\t\t\t\t<\/div>\n\t\t\t\t<\/div>\n\t\t<div class=\"elementor-element elementor-element-66f81433 e-flex e-con-boxed e-con e-child\" data-id=\"66f81433\" data-element_type=\"container\">\n\t\t\t\t\t<div class=\"e-con-inner\">\n\t\t\t\t<div class=\"elementor-element elementor-element-10ed7516 elementor-widget-divider--view-line elementor-widget elementor-widget-divider\" data-id=\"10ed7516\" data-element_type=\"widget\" data-widget_type=\"divider.default\">\n\t\t\t\t<div class=\"elementor-widget-container\">\n\t\t\t\t\t\t\t<div class=\"elementor-divider\">\n\t\t\t<span class=\"elementor-divider-separator\">\n\t\t\t\t\t\t<\/span>\n\t\t<\/div>\n\t\t\t\t\t\t<\/div>\n\t\t\t\t<\/div>\n\t\t\t\t<div class=\"elementor-element elementor-element-16cbfa45 elementor-widget elementor-widget-text-editor\" data-id=\"16cbfa45\" data-element_type=\"widget\" data-widget_type=\"text-editor.default\">\n\t\t\t\t<div class=\"elementor-widget-container\">\n\t\t\t\t\t\t\t\t\t<p>Por Guillermo C\u00e1ceres<\/p>\t\t\t\t\t\t\t\t<\/div>\n\t\t\t\t<\/div>\n\t\t\t\t<div class=\"elementor-element elementor-element-230834a elementor-widget elementor-widget-button\" data-id=\"230834a\" data-element_type=\"widget\" data-widget_type=\"button.default\">\n\t\t\t\t<div class=\"elementor-widget-container\">\n\t\t\t\t\t\t\t\t\t<div class=\"elementor-button-wrapper\">\n\t\t\t\t\t<a class=\"elementor-button elementor-button-link elementor-size-sm\" href=\"https:\/\/portal.nexnews.cl\/showN?valor=247fj0\">\n\t\t\t\t\t\t<span class=\"elementor-button-content-wrapper\">\n\t\t\t\t\t\t\t\t\t<span class=\"elementor-button-text\">Leer m\u00e1s<\/span>\n\t\t\t\t\t<\/span>\n\t\t\t\t\t<\/a>\n\t\t\t\t<\/div>\n\t\t\t\t\t\t\t\t<\/div>\n\t\t\t\t<\/div>\n\t\t\t\t\t<\/div>\n\t\t\t\t<\/div>\n\t\t\t\t<\/div>\n\t\t<div class=\"elementor-element elementor-element-545490f8 e-con-full e-flex e-con e-child\" data-id=\"545490f8\" data-element_type=\"container\">\n\t\t\t\t<div class=\"elementor-element elementor-element-12ad9c02 elementor-widget elementor-widget-image\" data-id=\"12ad9c02\" data-element_type=\"widget\" data-widget_type=\"image.default\">\n\t\t\t\t<div class=\"elementor-widget-container\">\n\t\t\t\t\t\t\t\t\t\t\t\t\t\t\t<img decoding=\"async\" width=\"774\" height=\"1024\" src=\"https:\/\/www.llg.cl\/wp-content\/uploads\/2025\/03\/view-774x1024.jpeg\" class=\"attachment-large size-large wp-image-910\" alt=\"\" srcset=\"https:\/\/www.llg.cl\/wp-content\/uploads\/2025\/03\/view-774x1024.jpeg 774w, https:\/\/www.llg.cl\/wp-content\/uploads\/2025\/03\/view-227x300.jpeg 227w, https:\/\/www.llg.cl\/wp-content\/uploads\/2025\/03\/view-768x1017.jpeg 768w, https:\/\/www.llg.cl\/wp-content\/uploads\/2025\/03\/view-1160x1536.jpeg 1160w, https:\/\/www.llg.cl\/wp-content\/uploads\/2025\/03\/view-1547x2048.jpeg 1547w, https:\/\/www.llg.cl\/wp-content\/uploads\/2025\/03\/view-9x12.jpeg 9w, https:\/\/www.llg.cl\/wp-content\/uploads\/2025\/03\/view-scaled.jpeg 1934w\" sizes=\"(max-width: 774px) 100vw, 774px\" \/>\t\t\t\t\t\t\t\t\t\t\t\t\t\t\t<\/div>\n\t\t\t\t<\/div>\n\t\t\t\t<\/div>\n\t\t\t\t\t<\/div>\n\t\t\t\t<\/div>\n\t\t<div class=\"elementor-element elementor-element-4d2b25f animated-slow e-con-full e-flex elementor-invisible e-con e-child\" data-id=\"4d2b25f\" data-element_type=\"container\" data-settings=\"{&quot;background_background&quot;:&quot;classic&quot;,&quot;animation&quot;:&quot;fadeInDown&quot;}\">\n\t\t<div class=\"elementor-element elementor-element-1585df0 e-con-full e-flex e-con e-child\" data-id=\"1585df0\" data-element_type=\"container\">\n\t\t<div class=\"elementor-element elementor-element-8a6b2ba e-flex e-con-boxed e-con e-child\" data-id=\"8a6b2ba\" data-element_type=\"container\">\n\t\t\t\t\t<div class=\"e-con-inner\">\n\t\t\t\t<div class=\"elementor-element elementor-element-24af657 elementor-widget elementor-widget-spacer\" data-id=\"24af657\" data-element_type=\"widget\" data-widget_type=\"spacer.default\">\n\t\t\t\t<div class=\"elementor-widget-container\">\n\t\t\t\t\t\t\t<div class=\"elementor-spacer\">\n\t\t\t<div class=\"elementor-spacer-inner\"><\/div>\n\t\t<\/div>\n\t\t\t\t\t\t<\/div>\n\t\t\t\t<\/div>\n\t\t\t\t<div class=\"elementor-element elementor-element-a766381 elementor-widget elementor-widget-heading\" data-id=\"a766381\" data-element_type=\"widget\" data-widget_type=\"heading.default\">\n\t\t\t\t<div class=\"elementor-widget-container\">\n\t\t\t\t\t<h2 class=\"elementor-heading-title elementor-size-default\">Columna Ex-Ante<\/h2>\t\t\t\t<\/div>\n\t\t\t\t<\/div>\n\t\t\t\t<div class=\"elementor-element elementor-element-9741ce2 elementor-widget elementor-widget-heading\" data-id=\"9741ce2\" data-element_type=\"widget\" data-widget_type=\"heading.default\">\n\t\t\t\t<div class=\"elementor-widget-container\">\n\t\t\t\t\t<h2 class=\"elementor-heading-title elementor-size-default\">Negociaci\u00f3n colectiva: entre la productividad y el conflicto.<\/h2>\t\t\t\t<\/div>\n\t\t\t\t<\/div>\n\t\t\t\t<div class=\"elementor-element elementor-element-cfa8a7f elementor-widget elementor-widget-heading\" data-id=\"cfa8a7f\" data-element_type=\"widget\" data-widget_type=\"heading.default\">\n\t\t\t\t<div class=\"elementor-widget-container\">\n\t\t\t\t\t<h2 class=\"elementor-heading-title elementor-size-default\">8\/10\/24<\/h2>\t\t\t\t<\/div>\n\t\t\t\t<\/div>\n\t\t\t\t\t<\/div>\n\t\t\t\t<\/div>\n\t\t<div class=\"elementor-element elementor-element-7e376e4 e-flex e-con-boxed e-con e-child\" data-id=\"7e376e4\" data-element_type=\"container\">\n\t\t\t\t\t<div class=\"e-con-inner\">\n\t\t\t\t<div class=\"elementor-element elementor-element-af09863 elementor-widget-divider--view-line elementor-widget elementor-widget-divider\" data-id=\"af09863\" data-element_type=\"widget\" data-widget_type=\"divider.default\">\n\t\t\t\t<div class=\"elementor-widget-container\">\n\t\t\t\t\t\t\t<div class=\"elementor-divider\">\n\t\t\t<span class=\"elementor-divider-separator\">\n\t\t\t\t\t\t<\/span>\n\t\t<\/div>\n\t\t\t\t\t\t<\/div>\n\t\t\t\t<\/div>\n\t\t\t\t<div class=\"elementor-element elementor-element-13323d8 elementor-widget elementor-widget-text-editor\" data-id=\"13323d8\" data-element_type=\"widget\" data-widget_type=\"text-editor.default\">\n\t\t\t\t<div class=\"elementor-widget-container\">\n\t\t\t\t\t\t\t\t\t<p>Por Felipe S\u00e1ez<\/p>\t\t\t\t\t\t\t\t<\/div>\n\t\t\t\t<\/div>\n\t\t\t\t<div class=\"elementor-element elementor-element-bafee00 elementor-widget elementor-widget-button\" data-id=\"bafee00\" data-element_type=\"widget\" data-widget_type=\"button.default\">\n\t\t\t\t<div class=\"elementor-widget-container\">\n\t\t\t\t\t\t\t\t\t<div class=\"elementor-button-wrapper\">\n\t\t\t\t\t<a class=\"elementor-button elementor-button-link elementor-size-sm\" href=\"https:\/\/www.ex-ante.cl\/negociacion-colectiva-entre-la-productividad-y-el-conflicto-por-felipe-saez\/\">\n\t\t\t\t\t\t<span class=\"elementor-button-content-wrapper\">\n\t\t\t\t\t\t\t\t\t<span class=\"elementor-button-text\">Leer m\u00e1s<\/span>\n\t\t\t\t\t<\/span>\n\t\t\t\t\t<\/a>\n\t\t\t\t<\/div>\n\t\t\t\t\t\t\t\t<\/div>\n\t\t\t\t<\/div>\n\t\t\t\t\t<\/div>\n\t\t\t\t<\/div>\n\t\t\t\t<\/div>\n\t\t<div class=\"elementor-element elementor-element-52683df e-con-full e-flex e-con e-child\" data-id=\"52683df\" data-element_type=\"container\">\n\t\t\t\t<div class=\"elementor-element elementor-element-c903364 elementor-widget elementor-widget-image\" data-id=\"c903364\" data-element_type=\"widget\" data-widget_type=\"image.default\">\n\t\t\t\t<div class=\"elementor-widget-container\">\n\t\t\t\t\t\t\t\t\t\t\t\t\t\t\t<img decoding=\"async\" width=\"768\" height=\"432\" src=\"https:\/\/www.llg.cl\/wp-content\/uploads\/2025\/03\/Copia-de-Portadas-reales-AFTER-OFFICE-2024-10-08T095022.webp\" class=\"attachment-large size-large wp-image-900\" alt=\"\" srcset=\"https:\/\/www.llg.cl\/wp-content\/uploads\/2025\/03\/Copia-de-Portadas-reales-AFTER-OFFICE-2024-10-08T095022.webp 768w, https:\/\/www.llg.cl\/wp-content\/uploads\/2025\/03\/Copia-de-Portadas-reales-AFTER-OFFICE-2024-10-08T095022-300x169.webp 300w, https:\/\/www.llg.cl\/wp-content\/uploads\/2025\/03\/Copia-de-Portadas-reales-AFTER-OFFICE-2024-10-08T095022-18x10.webp 18w\" sizes=\"(max-width: 768px) 100vw, 768px\" \/>\t\t\t\t\t\t\t\t\t\t\t\t\t\t\t<\/div>\n\t\t\t\t<\/div>\n\t\t\t\t<\/div>\n\t\t\t\t<\/div>\n\t\t\t\t<div class=\"elementor-element elementor-element-e385f9b elementor-widget elementor-widget-spacer\" data-id=\"e385f9b\" data-element_type=\"widget\" data-widget_type=\"spacer.default\">\n\t\t\t\t<div class=\"elementor-widget-container\">\n\t\t\t\t\t\t\t<div class=\"elementor-spacer\">\n\t\t\t<div class=\"elementor-spacer-inner\"><\/div>\n\t\t<\/div>\n\t\t\t\t\t\t<\/div>\n\t\t\t\t<\/div>\n\t\t\t\t\t<\/div>\n\t\t\t\t<\/div>\n\t\t\t\t<\/div>","protected":false},"excerpt":{"rendered":"<p>Publicaciones El DIario Financiero Equidad salarial: abogados alertan compleja aplicaci\u00f3n de nuevos lineamientos de proyecto de ley 9\/11\/24 Por Carolina Le\u00f3n Leer m\u00e1s El Diario Financiero Abogado de BHP en causa de acoso en actividad no laboral: &#8220;La corte fall\u00f3 con perspectiva de g\u00e9nero&#8221; 28\/11\/24&hellip;<\/p>","protected":false},"author":1,"featured_media":0,"parent":0,"menu_order":0,"comment_status":"closed","ping_status":"closed","template":"","meta":{"footnotes":""},"class_list":["post-260","page","type-page","status-publish","hentry"],"_links":{"self":[{"href":"https:\/\/www.llg.cl\/en\/wp-json\/wp\/v2\/pages\/260","targetHints":{"allow":["GET"]}}],"collection":[{"href":"https:\/\/www.llg.cl\/en\/wp-json\/wp\/v2\/pages"}],"about":[{"href":"https:\/\/www.llg.cl\/en\/wp-json\/wp\/v2\/types\/page"}],"author":[{"embeddable":true,"href":"https:\/\/www.llg.cl\/en\/wp-json\/wp\/v2\/users\/1"}],"replies":[{"embeddable":true,"href":"https:\/\/www.llg.cl\/en\/wp-json\/wp\/v2\/comments?post=260"}],"version-history":[{"count":10,"href":"https:\/\/www.llg.cl\/en\/wp-json\/wp\/v2\/pages\/260\/revisions"}],"predecessor-version":[{"id":951,"href":"https:\/\/www.llg.cl\/en\/wp-json\/wp\/v2\/pages\/260\/revisions\/951"}],"wp:attachment":[{"href":"https:\/\/www.llg.cl\/en\/wp-json\/wp\/v2\/media?parent=260"}],"curies":[{"name":"wp","href":"https:\/\/api.w.org\/{rel}","templated":true}]}}